{"id":85,"date":"2018-08-10T08:09:51","date_gmt":"2018-08-10T07:09:51","guid":{"rendered":"https:\/\/gaiaartssports.com\/index.php\/contact-page\/"},"modified":"2026-04-21T13:50:44","modified_gmt":"2026-04-21T12:50:44","slug":"chairmanspeech","status":"publish","type":"page","link":"https:\/\/gaiaartssports.com\/de\/chairmanspeech\/","title":{"rendered":"Rede des Vorsitzenden"},"content":{"rendered":"<div data-elementor-type=\"wp-post\" data-elementor-id=\"85\" class=\"elementor elementor-85\">\n\t\t\t\t\t\t<section class=\"elementor-section elementor-top-section elementor-element elementor-element-864e80f elementor-section-boxed elementor-section-height-default elementor-section-height-default\" data-id=\"864e80f\" data-element_type=\"section\" data-e-type=\"section\">\n\t\t\t\t\t\t<div class=\"elementor-container elementor-column-gap-extended\">\n\t\t\t\t\t<div class=\"aux-parallax-section elementor-column elementor-col-100 elementor-top-column elementor-element elementor-element-dc9de6b aux-appear-watch-animation aux-fade-in-right-1\" data-id=\"dc9de6b\" data-element_type=\"column\" data-e-type=\"column\">\n\t\t\t<div class=\"elementor-widget-wrap elementor-element-populated\">\n\t\t\t\t\t\t<div class=\"elementor-element elementor-element-271332b elementor-widget elementor-widget-aux_text\" data-id=\"271332b\" data-element_type=\"widget\" data-e-type=\"widget\" data-widget_type=\"aux_text.default\">\n\t\t\t\t<div class=\"elementor-widget-container\">\n\t\t\t\t\t<section class=\"widget-container aux-widget-text aux-parent-au4fb1d33a\">        <div class=\"aux-widget-advanced-text aux-wrap-style-simple aux-ico-pos- aux-text-left aux-text-resp- aux-text-color-dark aux-text-widget-bg-center\" >\n        \n            \n            <div class=\"aux-text-inner aux-text-widget-content\">\n                                <h4 class=\"col-title\">Rede des Vorsitzenden<\/h4>\n                                <div class=\"widget-content\">\n                                        <p>Eine Gesellschaft, die den Wert ihrer besonders herausragenden und heldenhaften S\u00f6hne und T\u00f6chter mit besonderen Bed\u00fcrfnissen sch\u00e4tzt, ihren Status erh\u00f6ht, ihre Leistungen w\u00fcrdigt und an ihrer St\u00e4rkung und Integration in allen Aspekten des Lebens arbeitet. Im Rahmen der laufenden Bem\u00fchungen, die Beteiligung der Menschen an der Gemeinschaft zu verbessern\u00a0<\/p>                <\/div>\n                            <\/div>\n        <\/div>\n                    <div class=\"aux-text-widget-footer\">\n                <div class=\"aux-border-shape-none\">\n                                <\/div>\n            <\/div>\n        \n<\/section><!-- widget-container -->\t\t\t\t<\/div>\n\t\t\t\t<\/div>\n\t\t\t\t\t<\/div>\n\t\t<\/div>\n\t\t\t\t\t<\/div>\n\t\t<\/section>\n\t\t\t\t<section class=\"elementor-section elementor-top-section elementor-element elementor-element-2ec9e69 elementor-reverse-mobile elementor-section-boxed elementor-section-height-default elementor-section-height-default\" data-id=\"2ec9e69\" data-element_type=\"section\" data-e-type=\"section\">\n\t\t\t\t\t\t<div class=\"elementor-container elementor-column-gap-default\">\n\t\t\t\t\t<div class=\"aux-parallax-section elementor-column elementor-col-50 elementor-top-column elementor-element elementor-element-2d0ac4b aux-appear-watch-animation aux-fade-in-left-2\" data-id=\"2d0ac4b\" data-element_type=\"column\" data-e-type=\"column\" data-settings=\"{&quot;background_background&quot;:&quot;gradient&quot;}\">\n\t\t\t<div class=\"elementor-widget-wrap elementor-element-populated\">\n\t\t\t\t\t\t<div class=\"elementor-element elementor-element-caafdb2 elementor-widget elementor-widget-aux_modern_heading\" data-id=\"caafdb2\" data-element_type=\"widget\" data-e-type=\"widget\" data-widget_type=\"aux_modern_heading.default\">\n\t\t\t\t<div class=\"elementor-widget-container\">\n\t\t\t\t\t<section class=\"aux-widget-modern-heading\">\n            <div class=\"aux-widget-inner\"><h5 class=\"aux-modern-heading-primary\">Sind Sie bereit?\n\n<\/h5><h3 class=\"aux-modern-heading-secondary\"><span class=\"aux-head-before\">Starten Sie ein neues Projekt<\/span><\/h3><\/div>\n        <\/section>\t\t\t\t<\/div>\n\t\t\t\t<\/div>\n\t\t\t\t\t<\/div>\n\t\t<\/div>\n\t\t\t\t<div class=\"aux-parallax-section elementor-column elementor-col-50 elementor-top-column elementor-element elementor-element-6910129 aux-appear-watch-animation aux-fade-in-right-2\" data-id=\"6910129\" data-element_type=\"column\" data-e-type=\"column\" data-settings=\"{&quot;background_background&quot;:&quot;gradient&quot;}\">\n\t\t\t<div class=\"elementor-widget-wrap elementor-element-populated\">\n\t\t\t\t\t\t<div class=\"elementor-element elementor-element-56c14ea elementor-widget elementor-widget-aux_modern_heading\" data-id=\"56c14ea\" data-element_type=\"widget\" data-e-type=\"widget\" data-widget_type=\"aux_modern_heading.default\">\n\t\t\t\t<div class=\"elementor-widget-container\">\n\t\t\t\t\t<section class=\"aux-widget-modern-heading\">\n            <div class=\"aux-widget-inner\"><h2 class=\"aux-modern-heading-primary\">Worauf wartest du?\n<\/h2><h3 class=\"aux-modern-heading-secondary\"><span class=\"aux-head-before\">Reden wir \u00fcber die Arbeit<\/span><\/h3><\/div>\n        <\/section>\t\t\t\t<\/div>\n\t\t\t\t<\/div>\n\t\t\t\t<div class=\"elementor-element elementor-element-2a1d1e7 elementor-widget elementor-widget-aux_button\" data-id=\"2a1d1e7\" data-element_type=\"widget\" data-e-type=\"widget\" data-widget_type=\"aux_button.default\">\n\t\t\t\t<div class=\"elementor-widget-container\">\n\t\t\t\t\t<button   class=\"aux-button aux-medium aux-carmine-pink aux-curve aux-none aux-uppercase\" ><span class=\"aux-overlay\"><\/span><span class=\"aux-text\">JETZT ANFANGEN<\/span><\/button>\t\t\t\t<\/div>\n\t\t\t\t<\/div>\n\t\t\t\t\t<\/div>\n\t\t<\/div>\n\t\t\t\t\t<\/div>\n\t\t<\/section>\n\t\t\t\t<\/div>","protected":false},"excerpt":{"rendered":"<p>Chairman Speech A society that appreciates the value of its sons and daughters with special needs, especially the outstanding and the heroes among them, raises their status, values their achievements, and works to empower them and integrate them in all aspects of life. As part of continuing efforts to enhance community participation for people with [&hellip;]<\/p>\n","protected":false},"author":1,"featured_media":0,"parent":0,"menu_order":0,"comment_status":"closed","ping_status":"closed","template":"","meta":{"give_campaign_id":0,"footnotes":""},"class_list":["post-85","page","type-page","status-publish","hentry"],"campaignId":"","_links":{"self":[{"href":"https:\/\/gaiaartssports.com\/de\/wp-json\/wp\/v2\/pages\/85","targetHints":{"allow":["GET"]}}],"collection":[{"href":"https:\/\/gaiaartssports.com\/de\/wp-json\/wp\/v2\/pages"}],"about":[{"href":"https:\/\/gaiaartssports.com\/de\/wp-json\/wp\/v2\/types\/page"}],"author":[{"embeddable":true,"href":"https:\/\/gaiaartssports.com\/de\/wp-json\/wp\/v2\/users\/1"}],"replies":[{"embeddable":true,"href":"https:\/\/gaiaartssports.com\/de\/wp-json\/wp\/v2\/comments?post=85"}],"version-history":[{"count":49,"href":"https:\/\/gaiaartssports.com\/de\/wp-json\/wp\/v2\/pages\/85\/revisions"}],"predecessor-version":[{"id":2401,"href":"https:\/\/gaiaartssports.com\/de\/wp-json\/wp\/v2\/pages\/85\/revisions\/2401"}],"wp:attachment":[{"href":"https:\/\/gaiaartssports.com\/de\/wp-json\/wp\/v2\/media?parent=85"}],"curies":[{"name":"wp","href":"https:\/\/api.w.org\/{rel}","templated":true}]}}